{"id":1444,"date":"2019-05-25T09:47:20","date_gmt":"2019-05-25T07:47:20","guid":{"rendered":"https:\/\/handicapdefi.fr\/?page_id=1444"},"modified":"2019-10-08T18:40:39","modified_gmt":"2019-10-08T16:40:39","slug":"liens_utiles","status":"publish","type":"page","link":"https:\/\/handicapdefi.fr\/index.php\/liens_utiles\/","title":{"rendered":"Liens utiles"},"content":{"rendered":"<p>[et_pb_section fb_built=\u00a0\u00bb1&Prime; admin_label=\u00a0\u00bbHero section\u00a0\u00bb _builder_version=\u00a0\u00bb3.22.3&Prime; use_background_color_gradient=\u00a0\u00bbon\u00a0\u00bb background_color_gradient_start=\u00a0\u00bbrgba(150,105,97,0.67)\u00a0\u00bb background_color_gradient_end=\u00a0\u00bbrgba(2,0,76,0.84)\u00a0\u00bb background_color_gradient_overlays_image=\u00a0\u00bbon\u00a0\u00bb background_image=\u00a0\u00bbhttps:\/\/handicapdefi.fr\/wp-content\/uploads\/2019\/03\/header-7.png\u00a0\u00bb background_position=\u00a0\u00bbtop_center\u00a0\u00bb custom_margin=\u00a0\u00bb|||\u00a0\u00bb custom_padding=\u00a0\u00bb0||10%||false|false\u00a0\u00bb fb_built=\u00a0\u00bb1&Prime; _i=\u00a0\u00bb0&Prime; _address=\u00a0\u00bb0&Prime;][\/et_pb_section][et_pb_section fb_built=\u00a0\u00bb1&Prime; _builder_version=\u00a0\u00bb3.22.3&Prime; custom_padding=\u00a0\u00bb83px|0px|3px|0px|false|false\u00a0\u00bb fb_built=\u00a0\u00bb1&Prime; _i=\u00a0\u00bb1&Prime; _address=\u00a0\u00bb1&Prime;][et_pb_row column_structure=\u00a0\u00bb1_3,1_3,1_3&Prime; use_custom_gutter=\u00a0\u00bbon\u00a0\u00bb gutter_width=\u00a0\u00bb1&Prime; disabled_on=\u00a0\u00bbon|on|off\u00a0\u00bb _builder_version=\u00a0\u00bb3.22.6&Prime; custom_margin=\u00a0\u00bb-3%|auto|0%||false|\u00a0\u00bb custom_padding_phone=\u00a0\u00bb0px||0px|\u00a0\u00bb animation_style=\u00a0\u00bbslide\u00a0\u00bb animation_direction=\u00a0\u00bbbottom\u00a0\u00bb animation_intensity_slide=\u00a0\u00bb5%\u00a0\u00bb border_radii=\u00a0\u00bbon|10px|10px|10px|10px\u00a0\u00bb border_color_all=\u00a0\u00bb#e02b20&Prime; border_style_all=\u00a0\u00bbnone\u00a0\u00bb border_width_top=\u00a0\u00bb18px\u00a0\u00bb use_custom_width=\u00a0\u00bbon\u00a0\u00bb custom_width_px=\u00a0\u00bb1440px\u00a0\u00bb global_module=\u00a0\u00bb1287&Prime; saved_tabs=\u00a0\u00bball\u00a0\u00bb locked=\u00a0\u00bboff\u00a0\u00bb _i=\u00a0\u00bb0&Prime; _address=\u00a0\u00bb1.0&Prime;][et_pb_column type=\u00a0\u00bb1_3&Prime; _builder_version=\u00a0\u00bb3.25&Prime; custom_padding=\u00a0\u00bb|||\u00a0\u00bb custom_padding__hover=\u00a0\u00bb|||\u00a0\u00bb _i=\u00a0\u00bb0&Prime; _address=\u00a0\u00bb1.0.0&Prime;][et_pb_blurb url=\u00a0\u00bb\/index.php\/diagnostic-en-accessibilite\/\u00a0\u00bb image=\u00a0\u00bbhttps:\/\/handicapdefi.fr\/wp-content\/uploads\/2019\/03\/Accessibilit\u00e9.png\u00a0\u00bb image_max_width=\u00a0\u00bb35%\u00a0\u00bb disabled_on=\u00a0\u00bbon|on|off\u00a0\u00bb _builder_version=\u00a0\u00bb3.21&Prime; header_font=\u00a0\u00bbLato|900||on|||||\u00a0\u00bb header_font_size=\u00a0\u00bb15px\u00a0\u00bb header_letter_spacing=\u00a0\u00bb1px\u00a0\u00bb header_line_height=\u00a0\u00bb1.4em\u00a0\u00bb body_font=\u00a0\u00bbLato||||||||\u00a0\u00bb body_text_color=\u00a0\u00bb#898f99&Prime; body_font_size=\u00a0\u00bb16px\u00a0\u00bb body_line_height=\u00a0\u00bb1.6em\u00a0\u00bb text_orientation=\u00a0\u00bbcenter\u00a0\u00bb custom_margin=\u00a0\u00bb|||\u00a0\u00bb custom_padding=\u00a0\u00bb|||\u00a0\u00bb animation=\u00a0\u00bboff\u00a0\u00bb _i=\u00a0\u00bb0&Prime; _address=\u00a0\u00bb1.0.0.0&Prime;][\/et_pb_blurb][\/et_pb_column][et_pb_column type=\u00a0\u00bb1_3&Prime; _builder_version=\u00a0\u00bb3.25&Prime; custom_padding=\u00a0\u00bb|||\u00a0\u00bb custom_padding__hover=\u00a0\u00bb|||\u00a0\u00bb _i=\u00a0\u00bb1&Prime; _address=\u00a0\u00bb1.0.1&Prime;][et_pb_blurb url=\u00a0\u00bb\/index.php\/prevention-3\/\u00a0\u00bb image=\u00a0\u00bbhttps:\/\/handicapdefi.fr\/wp-content\/uploads\/2019\/03\/Pr\u00e9vention-2.png\u00a0\u00bb image_max_width=\u00a0\u00bb35%\u00a0\u00bb disabled_on=\u00a0\u00bbon|on|off\u00a0\u00bb _builder_version=\u00a0\u00bb3.21&Prime; header_font=\u00a0\u00bbLato|900||on|||||\u00a0\u00bb header_font_size=\u00a0\u00bb15px\u00a0\u00bb header_letter_spacing=\u00a0\u00bb1px\u00a0\u00bb header_line_height=\u00a0\u00bb1.4em\u00a0\u00bb body_font=\u00a0\u00bbLato||||||||\u00a0\u00bb body_text_color=\u00a0\u00bb#898f99&Prime; body_font_size=\u00a0\u00bb16px\u00a0\u00bb body_line_height=\u00a0\u00bb1.6em\u00a0\u00bb text_orientation=\u00a0\u00bbcenter\u00a0\u00bb custom_margin=\u00a0\u00bb|||\u00a0\u00bb custom_padding=\u00a0\u00bb|||\u00a0\u00bb animation=\u00a0\u00bboff\u00a0\u00bb _i=\u00a0\u00bb0&Prime; _address=\u00a0\u00bb1.0.1.0&Prime;][\/et_pb_blurb][et_pb_blurb url=\u00a0\u00bb\/index.php\/prevention-3\/\u00a0\u00bb image_max_width=\u00a0\u00bb35%\u00a0\u00bb _builder_version=\u00a0\u00bb3.21&Prime; header_font=\u00a0\u00bbLato|900||on|||||\u00a0\u00bb header_font_size=\u00a0\u00bb15px\u00a0\u00bb header_letter_spacing=\u00a0\u00bb1px\u00a0\u00bb header_line_height=\u00a0\u00bb1.4em\u00a0\u00bb body_font=\u00a0\u00bbLato||||||||\u00a0\u00bb body_text_color=\u00a0\u00bb#898f99&Prime; body_font_size=\u00a0\u00bb16px\u00a0\u00bb body_line_height=\u00a0\u00bb1.6em\u00a0\u00bb text_orientation=\u00a0\u00bbcenter\u00a0\u00bb custom_margin=\u00a0\u00bb|||\u00a0\u00bb custom_padding=\u00a0\u00bb|||\u00a0\u00bb animation=\u00a0\u00bboff\u00a0\u00bb _i=\u00a0\u00bb1&Prime; _address=\u00a0\u00bb1.0.1.1&Prime;][\/et_pb_blurb][\/et_pb_column][et_pb_column type=\u00a0\u00bb1_3&Prime; _builder_version=\u00a0\u00bb3.25&Prime; custom_padding=\u00a0\u00bb|||\u00a0\u00bb custom_padding__hover=\u00a0\u00bb|||\u00a0\u00bb _i=\u00a0\u00bb2&Prime; _address=\u00a0\u00bb1.0.2&Prime;][et_pb_blurb url=\u00a0\u00bb\/index.php\/handisport\/\u00a0\u00bb image=\u00a0\u00bbhttps:\/\/handicapdefi.fr\/wp-content\/uploads\/2019\/03\/Sport-3.png\u00a0\u00bb image_max_width=\u00a0\u00bb35%\u00a0\u00bb disabled_on=\u00a0\u00bbon|on|off\u00a0\u00bb _builder_version=\u00a0\u00bb3.21&Prime; header_font=\u00a0\u00bbLato|900||on|||||\u00a0\u00bb header_font_size=\u00a0\u00bb15px\u00a0\u00bb header_letter_spacing=\u00a0\u00bb1px\u00a0\u00bb header_line_height=\u00a0\u00bb1.4em\u00a0\u00bb body_font=\u00a0\u00bbLato||||||||\u00a0\u00bb body_text_color=\u00a0\u00bb#898f99&Prime; body_font_size=\u00a0\u00bb16px\u00a0\u00bb body_line_height=\u00a0\u00bb1.6em\u00a0\u00bb text_orientation=\u00a0\u00bbcenter\u00a0\u00bb custom_margin=\u00a0\u00bb|||\u00a0\u00bb custom_padding=\u00a0\u00bb|||\u00a0\u00bb animation=\u00a0\u00bboff\u00a0\u00bb _i=\u00a0\u00bb0&Prime; _address=\u00a0\u00bb1.0.2.0&Prime;][\/et_pb_blurb][et_pb_blurb url=\u00a0\u00bb\/index.php\/handisport\/\u00a0\u00bb image_max_width=\u00a0\u00bb35%\u00a0\u00bb _builder_version=\u00a0\u00bb3.21&Prime; header_font=\u00a0\u00bbLato|900||on|||||\u00a0\u00bb header_font_size=\u00a0\u00bb15px\u00a0\u00bb header_letter_spacing=\u00a0\u00bb1px\u00a0\u00bb header_line_height=\u00a0\u00bb1.4em\u00a0\u00bb body_font=\u00a0\u00bbLato||||||||\u00a0\u00bb body_text_color=\u00a0\u00bb#898f99&Prime; body_font_size=\u00a0\u00bb16px\u00a0\u00bb body_line_height=\u00a0\u00bb1.6em\u00a0\u00bb text_orientation=\u00a0\u00bbcenter\u00a0\u00bb custom_margin=\u00a0\u00bb|||\u00a0\u00bb custom_padding=\u00a0\u00bb|||\u00a0\u00bb animation=\u00a0\u00bboff\u00a0\u00bb _i=\u00a0\u00bb1&Prime; _address=\u00a0\u00bb1.0.2.1&Prime;][\/et_pb_blurb][\/et_pb_column][\/et_pb_row][et_pb_row _builder_version=\u00a0\u00bb3.25&Prime; _i=\u00a0\u00bb1&Prime; _address=\u00a0\u00bb1.1&Prime;][et_pb_column type=\u00a0\u00bb4_4&Prime; _builder_version=\u00a0\u00bb3.25&Prime; custom_padding=\u00a0\u00bb|||\u00a0\u00bb _i=\u00a0\u00bb0&Prime; _address=\u00a0\u00bb1.1.0&Prime; custom_padding__hover=\u00a0\u00bb|||\u00a0\u00bb][et_pb_blurb url=\u00a0\u00bb\/index.php\/diagnostic-en-accessibilite\/\u00a0\u00bb image_max_width=\u00a0\u00bb35%\u00a0\u00bb disabled_on=\u00a0\u00bboff|off|on\u00a0\u00bb _builder_version=\u00a0\u00bb3.21&Prime; header_font=\u00a0\u00bbLato|900||on|||||\u00a0\u00bb header_font_size=\u00a0\u00bb15px\u00a0\u00bb header_letter_spacing=\u00a0\u00bb1px\u00a0\u00bb header_line_height=\u00a0\u00bb1.4em\u00a0\u00bb body_font=\u00a0\u00bbLato||||||||\u00a0\u00bb body_text_color=\u00a0\u00bb#898f99&Prime; body_font_size=\u00a0\u00bb16px\u00a0\u00bb body_line_height=\u00a0\u00bb1.6em\u00a0\u00bb text_orientation=\u00a0\u00bbcenter\u00a0\u00bb custom_margin=\u00a0\u00bb|||\u00a0\u00bb custom_padding=\u00a0\u00bb|||\u00a0\u00bb animation=\u00a0\u00bboff\u00a0\u00bb _i=\u00a0\u00bb0&Prime; _address=\u00a0\u00bb1.1.0.0&Prime;]<\/p>\n<p><a href=\"\/index.php\/diagnostic-en-accessibilite\/\" title=\"Diagnostic\"><img loading=\"lazy\" src=\"https:\/\/handicapdefi.fr\/wp-content\/uploads\/2019\/03\/Accessibilit\u00e9-269x300.png\" alt=\"Diagnostic et Accessibilit\u00e9\" class=\"wp-image-223 size-medium\" height=\"95\" width=\"85\" srcset=\"https:\/\/handicapdefi.fr\/wp-content\/uploads\/2019\/03\/Accessibilit\u00e9-269x300.png 269w, https:\/\/handicapdefi.fr\/wp-content\/uploads\/2019\/03\/Accessibilit\u00e9.png 474w\" sizes=\"(max-width: 85px) 100vw, 85px\" \/><\/a>\u00a0 <a href=\"\/index.php\/prevention-3\/\" title=\"Pr\u00e9vention\"><img loading=\"lazy\" src=\"https:\/\/handicapdefi.fr\/wp-content\/uploads\/2019\/03\/Pr\u00e9vention-269x300.png\" alt=\"Pr\u00e9vention\" class=\"wp-image-224 size-medium\" height=\"95\" width=\"85\" srcset=\"https:\/\/handicapdefi.fr\/wp-content\/uploads\/2019\/03\/Pr\u00e9vention-269x300.png 269w, https:\/\/handicapdefi.fr\/wp-content\/uploads\/2019\/03\/Pr\u00e9vention.png 474w\" sizes=\"(max-width: 85px) 100vw, 85px\" \/><\/a>\u00a0 <a href=\"\/index.php\/handisport\/\" title=\"Handisport\"><img loading=\"lazy\" src=\"https:\/\/handicapdefi.fr\/wp-content\/uploads\/2019\/03\/Sport-3-273x300.png\" alt=\"\" class=\"wp-image-274 alignnone size-medium\" height=\"93\" width=\"85\" srcset=\"https:\/\/handicapdefi.fr\/wp-content\/uploads\/2019\/03\/Sport-3-273x300.png 273w, https:\/\/handicapdefi.fr\/wp-content\/uploads\/2019\/03\/Sport-3.png 482w\" sizes=\"(max-width: 85px) 100vw, 85px\" \/><\/a><\/p>\n<p>[\/et_pb_blurb][\/et_pb_column][\/et_pb_row][et_pb_row _builder_version=\u00a0\u00bb3.25&Prime; _i=\u00a0\u00bb2&Prime; _address=\u00a0\u00bb1.2&Prime;][et_pb_column type=\u00a0\u00bb4_4&Prime; _builder_version=\u00a0\u00bb3.25&Prime; custom_padding=\u00a0\u00bb|||\u00a0\u00bb _i=\u00a0\u00bb0&Prime; _address=\u00a0\u00bb1.2.0&Prime; custom_padding__hover=\u00a0\u00bb|||\u00a0\u00bb][et_pb_text _builder_version=\u00a0\u00bb3.29&Prime; text_font=\u00a0\u00bbOpen Sans|800||on|||||\u00a0\u00bb text_font_size=\u00a0\u00bb36px\u00a0\u00bb text_line_height=\u00a0\u00bb1.5em\u00a0\u00bb text_orientation=\u00a0\u00bbcenter\u00a0\u00bb hover_enabled=\u00a0\u00bb0&Prime; text_text_shadow_style=\u00a0\u00bbpreset2&Prime; global_module=\u00a0\u00bb1474&Prime; saved_tabs=\u00a0\u00bball\u00a0\u00bb _i=\u00a0\u00bb0&Prime; _address=\u00a0\u00bb1.2.0.0&Prime;]<\/p>\n<p>LIENS UTILES<\/p>\n<p>&nbsp;<\/p>\n<p>[\/et_pb_text][\/et_pb_column][\/et_pb_row][\/et_pb_section][et_pb_section fb_built=\u00a0\u00bb1&Prime; _builder_version=\u00a0\u00bb3.22.3&Prime; custom_padding=\u00a0\u00bb3px|0px|54px|0px|false|false\u00a0\u00bb fb_built=\u00a0\u00bb1&Prime; _i=\u00a0\u00bb2&Prime; _address=\u00a0\u00bb2&Prime;][et_pb_row _builder_version=\u00a0\u00bb3.25&Prime; _i=\u00a0\u00bb0&Prime; _address=\u00a0\u00bb2.0&Prime;][et_pb_column type=\u00a0\u00bb4_4&Prime; _builder_version=\u00a0\u00bb3.25&Prime; custom_padding=\u00a0\u00bb|||\u00a0\u00bb _i=\u00a0\u00bb0&Prime; _address=\u00a0\u00bb2.0.0&Prime; custom_padding__hover=\u00a0\u00bb|||\u00a0\u00bb][et_pb_text _builder_version=\u00a0\u00bb3.27.4&Prime; inline_fonts=\u00a0\u00bbNews Cycle\u00a0\u00bb _i=\u00a0\u00bb0&Prime; _address=\u00a0\u00bb2.0.0.0&Prime;]<\/p>\n<p>&nbsp;<\/p>\n<ul class=\"listepucetitre1\">\n<li><span style=\"font-size: 14pt;\"><a href=\"http:\/\/www.legifrance.gouv.fr\/\">Legifrance<\/a> <\/span><\/li>\n<li><span style=\"font-size: 14pt;\"><a href=\"http:\/\/www.handicap.fr\/\">handicap.fr<\/a> <\/span><\/li>\n<li><span style=\"font-size: 14pt;\"><a href=\"http:\/\/www.agefiph.fr\">Agefiph<\/a> <\/span><\/li>\n<li><a href=\"http:\/\/www.cpam-toulouse.fr\/\"><span style=\"font-size: 14pt;\">Caisse primaire d&rsquo;assurance maladie<\/span><\/a><\/li>\n<li><a href=\"http:\/\/www.handisport.org\"><span style=\"font-size: 14pt;\">F\u00e9d\u00e9ration Fran\u00e7aise Handisport<\/span><\/a><\/li>\n<li><a href=\"http:\/\/www.handibasket.fr\"><span style=\"font-size: 14pt;\">Handibasket<\/span><\/a><\/li>\n<li><a href=\"http:\/\/www.toulouse.fr\"><span style=\"font-size: 14pt;\">www.toulouse.fr<\/span><\/a><\/li>\n<li><a href=\"http:\/\/www.dsi-ap.com\"><span style=\"font-size: 14pt;\">DSI<\/span><\/a><\/li>\n<li><a href=\"http:\/\/www.nondiscrimination.toulouse.fr\/\"><span style=\"font-size: 14pt;\">Site contre la descrimination<\/span><\/a><\/li>\n<li><span style=\"font-size: 14pt;\"><a href=\"http:\/\/www.bonadei.fr\">www.bonadei.f<\/a>r<\/span><\/li>\n<li><span style=\"font-size: 14pt;\"><a href=\"http:\/\/ulm-pommevic.fr\/\">ulm-pommevic.fr<\/a><\/span><\/li>\n<\/ul>\n<p>[\/et_pb_text][\/et_pb_column][\/et_pb_row][\/et_pb_section][et_pb_section fb_built=\u00a0\u00bb1&Prime; admin_label=\u00a0\u00bbAbout Section\u00a0\u00bb _builder_version=\u00a0\u00bb3.22.3&Prime; custom_padding=\u00a0\u00bb10px|0px|0|0px|false|false\u00a0\u00bb fb_built=\u00a0\u00bb1&Prime; _i=\u00a0\u00bb3&Prime; _address=\u00a0\u00bb3&Prime;][et_pb_row _builder_version=\u00a0\u00bb3.25&Prime; custom_padding=\u00a0\u00bb0|0px|27px|0px|false|false\u00a0\u00bb _i=\u00a0\u00bb0&Prime; _address=\u00a0\u00bb3.0&Prime; column_structure=\u00a0\u00bb1_3,1_3,1_3&Prime;][et_pb_column type=\u00a0\u00bb1_3&Prime; _builder_version=\u00a0\u00bb3.25&Prime; custom_padding=\u00a0\u00bb|||\u00a0\u00bb _i=\u00a0\u00bb0&Prime; _address=\u00a0\u00bb3.0.0&Prime; custom_padding__hover=\u00a0\u00bb|||\u00a0\u00bb][et_pb_text _builder_version=\u00a0\u00bb3.27.4&Prime; text_font=\u00a0\u00bbLato||||||||\u00a0\u00bb text_text_color=\u00a0\u00bbrgba(255,255,255,0.7)\u00a0\u00bb text_font_size=\u00a0\u00bb15px\u00a0\u00bb text_line_height=\u00a0\u00bb2em\u00a0\u00bb link_font=\u00a0\u00bb||||||||\u00a0\u00bb link_text_color=\u00a0\u00bb#ffffff\u00a0\u00bb header_font=\u00a0\u00bb||||||||\u00a0\u00bb header_2_font=\u00a0\u00bbLato||||||||\u00a0\u00bb header_3_font=\u00a0\u00bbLato|700|||||||\u00a0\u00bb header_3_font_size=\u00a0\u00bb23px\u00a0\u00bb header_3_line_height=\u00a0\u00bb1.5em\u00a0\u00bb background_color=\u00a0\u00bbrgba(36,36,76,0.62)\u00a0\u00bb background_layout=\u00a0\u00bbdark\u00a0\u00bb custom_margin=\u00a0\u00bb0%||0px|\u00a0\u00bb custom_margin_tablet=\u00a0\u00bb40px|||\u00a0\u00bb custom_margin_last_edited=\u00a0\u00bbon|tablet\u00a0\u00bb custom_padding=\u00a0\u00bb20px|30px|20px|30px\u00a0\u00bb custom_padding_last_edited=\u00a0\u00bbon|tablet\u00a0\u00bb filter_opacity=\u00a0\u00bb92%\u00a0\u00bb animation_style=\u00a0\u00bbfold\u00a0\u00bb animation_delay=\u00a0\u00bb100ms\u00a0\u00bb border_radii=\u00a0\u00bbon|20px|20px|20px|20px\u00a0\u00bb box_shadow_style=\u00a0\u00bbpreset2&Prime; locked=\u00a0\u00bboff\u00a0\u00bb _i=\u00a0\u00bb0&Prime; _address=\u00a0\u00bb3.0.0.0&Prime;]<\/p>\n<h3>Nous contacter<\/h3>\n<p>T\u00e9l\u00e9phone : 05 61 80 52 73<br \/>\nMobile        : 06 10 23 33 71 <\/p>\n<p>E-Mail : handicapdefi@asmth.com<br \/>\nAdresse :<br \/>\n<a href=\"https:\/\/handicapdefi.fr\/index.php\/plan-dacces\/\" title=\"Plan d'acc\u00e9s\">19 Bis rue Roussillon, 31100 Toulouse<\/a>[\/et_pb_text][\/et_pb_column][et_pb_column type=\u00a0\u00bb1_3&Prime; _builder_version=\u00a0\u00bb3.25&Prime; custom_padding=\u00a0\u00bb|||\u00a0\u00bb _i=\u00a0\u00bb1&Prime; _address=\u00a0\u00bb3.0.1&Prime; custom_padding__hover=\u00a0\u00bb|||\u00a0\u00bb][\/et_pb_column][et_pb_column type=\u00a0\u00bb1_3&Prime; _builder_version=\u00a0\u00bb3.25&Prime; custom_padding=\u00a0\u00bb|||\u00a0\u00bb _i=\u00a0\u00bb2&Prime; _address=\u00a0\u00bb3.0.2&Prime; custom_padding__hover=\u00a0\u00bb|||\u00a0\u00bb][\/et_pb_column][\/et_pb_row][\/et_pb_section][et_pb_section fb_built=\u00a0\u00bb1&Prime; _builder_version=\u00a0\u00bb3.22.3&Prime; custom_padding=\u00a0\u00bb17px|0px|0|0px|false|false\u00a0\u00bb fb_built=\u00a0\u00bb1&Prime; _i=\u00a0\u00bb4&Prime; _address=\u00a0\u00bb4&Prime;][\/et_pb_section]<\/p>\n","protected":false},"excerpt":{"rendered":"<p>\u00a0 \u00a0 LIENS UTILES &nbsp; &nbsp; Legifrance handicap.fr Agefiph Caisse primaire d&rsquo;assurance maladie F\u00e9d\u00e9ration Fran\u00e7aise Handisport Handibasket www.toulouse.fr DSI Site contre la descrimination www.bonadei.fr ulm-pommevic.fr Nous contacter T\u00e9l\u00e9phone : 05 61 80 52 73 Mobile : 06 10 23 33 71 E-Mail : handicapdefi@asmth.com Adresse : 19 Bis rue Roussillon, 31100 Toulouse<\/p>\n","protected":false},"author":1,"featured_media":0,"parent":0,"menu_order":0,"comment_status":"closed","ping_status":"closed","template":"","meta":{"_et_pb_use_builder":"on","_et_pb_old_content":"","_et_gb_content_width":""},"yoast_head":"<!-- This site is optimized with the Yoast SEO plugin v19.6 - https:\/\/yoast.com\/wordpress\/plugins\/seo\/ -->\n<title>Liens utiles - Handicap D\u00e9fi<\/title>\n<meta name=\"robots\" content=\"index, follow, max-snippet:-1, max-image-preview:large, max-video-preview:-1\" \/>\n<link rel=\"canonical\" href=\"https:\/\/handicapdefi.fr\/index.php\/liens_utiles\/\" \/>\n<meta property=\"og:locale\" content=\"fr_FR\" \/>\n<meta property=\"og:type\" content=\"article\" \/>\n<meta property=\"og:title\" content=\"Liens utiles - Handicap D\u00e9fi\" \/>\n<meta property=\"og:description\" content=\"\u00a0 \u00a0 LIENS UTILES &nbsp; &nbsp; Legifrance handicap.fr Agefiph Caisse primaire d&#039;assurance maladie F\u00e9d\u00e9ration Fran\u00e7aise Handisport Handibasket www.toulouse.fr DSI Site contre la descrimination www.bonadei.fr ulm-pommevic.fr Nous contacter T\u00e9l\u00e9phone : 05 61 80 52 73 Mobile : 06 10 23 33 71 E-Mail : handicapdefi@asmth.com Adresse : 19 Bis rue Roussillon, 31100 Toulouse\" \/>\n<meta property=\"og:url\" content=\"https:\/\/handicapdefi.fr\/index.php\/liens_utiles\/\" \/>\n<meta property=\"og:site_name\" content=\"Handicap D\u00e9fi\" \/>\n<meta property=\"article:publisher\" content=\"https:\/\/www.facebook.com\/asmth.handicapdefi\" \/>\n<meta property=\"article:modified_time\" content=\"2019-10-08T16:40:39+00:00\" \/>\n<meta property=\"og:image\" content=\"https:\/\/handicapdefi.fr\/wp-content\/uploads\/2019\/03\/Sport-3-273x300.png\" \/>\n<meta name=\"twitter:card\" content=\"summary_large_image\" \/>\n<meta name=\"twitter:label1\" content=\"Dur\u00e9e de lecture estim\u00e9e\" \/>\n\t<meta name=\"twitter:data1\" content=\"5 minutes\" \/>\n<script type=\"application\/ld+json\" class=\"yoast-schema-graph\">{\"@context\":\"https:\/\/schema.org\",\"@graph\":[{\"@type\":\"WebPage\",\"@id\":\"https:\/\/handicapdefi.fr\/index.php\/liens_utiles\/\",\"url\":\"https:\/\/handicapdefi.fr\/index.php\/liens_utiles\/\",\"name\":\"Liens utiles - Handicap D\u00e9fi\",\"isPartOf\":{\"@id\":\"https:\/\/handicapdefi.fr\/#website\"},\"datePublished\":\"2019-05-25T07:47:20+00:00\",\"dateModified\":\"2019-10-08T16:40:39+00:00\",\"breadcrumb\":{\"@id\":\"https:\/\/handicapdefi.fr\/index.php\/liens_utiles\/#breadcrumb\"},\"inLanguage\":\"fr-FR\",\"potentialAction\":[{\"@type\":\"ReadAction\",\"target\":[\"https:\/\/handicapdefi.fr\/index.php\/liens_utiles\/\"]}]},{\"@type\":\"BreadcrumbList\",\"@id\":\"https:\/\/handicapdefi.fr\/index.php\/liens_utiles\/#breadcrumb\",\"itemListElement\":[{\"@type\":\"ListItem\",\"position\":1,\"name\":\"Accueil\",\"item\":\"https:\/\/handicapdefi.fr\/\"},{\"@type\":\"ListItem\",\"position\":2,\"name\":\"Liens utiles\"}]},{\"@type\":\"WebSite\",\"@id\":\"https:\/\/handicapdefi.fr\/#website\",\"url\":\"https:\/\/handicapdefi.fr\/\",\"name\":\"Handicap D\u00e9fi\",\"description\":\"Ouvrons le champ des possibles\",\"potentialAction\":[{\"@type\":\"SearchAction\",\"target\":{\"@type\":\"EntryPoint\",\"urlTemplate\":\"https:\/\/handicapdefi.fr\/?s={search_term_string}\"},\"query-input\":\"required name=search_term_string\"}],\"inLanguage\":\"fr-FR\"}]}<\/script>\n<!-- \/ Yoast SEO plugin. -->","yoast_head_json":{"title":"Liens utiles - Handicap D\u00e9fi","robots":{"index":"index","follow":"follow","max-snippet":"max-snippet:-1","max-image-preview":"max-image-preview:large","max-video-preview":"max-video-preview:-1"},"canonical":"https:\/\/handicapdefi.fr\/index.php\/liens_utiles\/","og_locale":"fr_FR","og_type":"article","og_title":"Liens utiles - Handicap D\u00e9fi","og_description":"\u00a0 \u00a0 LIENS UTILES &nbsp; &nbsp; Legifrance handicap.fr Agefiph Caisse primaire d'assurance maladie F\u00e9d\u00e9ration Fran\u00e7aise Handisport Handibasket www.toulouse.fr DSI Site contre la descrimination www.bonadei.fr ulm-pommevic.fr Nous contacter T\u00e9l\u00e9phone : 05 61 80 52 73 Mobile : 06 10 23 33 71 E-Mail : handicapdefi@asmth.com Adresse : 19 Bis rue Roussillon, 31100 Toulouse","og_url":"https:\/\/handicapdefi.fr\/index.php\/liens_utiles\/","og_site_name":"Handicap D\u00e9fi","article_publisher":"https:\/\/www.facebook.com\/asmth.handicapdefi","article_modified_time":"2019-10-08T16:40:39+00:00","og_image":[{"url":"https:\/\/handicapdefi.fr\/wp-content\/uploads\/2019\/03\/Sport-3-273x300.png"}],"twitter_card":"summary_large_image","twitter_misc":{"Dur\u00e9e de lecture estim\u00e9e":"5 minutes"},"schema":{"@context":"https:\/\/schema.org","@graph":[{"@type":"WebPage","@id":"https:\/\/handicapdefi.fr\/index.php\/liens_utiles\/","url":"https:\/\/handicapdefi.fr\/index.php\/liens_utiles\/","name":"Liens utiles - Handicap D\u00e9fi","isPartOf":{"@id":"https:\/\/handicapdefi.fr\/#website"},"datePublished":"2019-05-25T07:47:20+00:00","dateModified":"2019-10-08T16:40:39+00:00","breadcrumb":{"@id":"https:\/\/handicapdefi.fr\/index.php\/liens_utiles\/#breadcrumb"},"inLanguage":"fr-FR","potentialAction":[{"@type":"ReadAction","target":["https:\/\/handicapdefi.fr\/index.php\/liens_utiles\/"]}]},{"@type":"BreadcrumbList","@id":"https:\/\/handicapdefi.fr\/index.php\/liens_utiles\/#breadcrumb","itemListElement":[{"@type":"ListItem","position":1,"name":"Accueil","item":"https:\/\/handicapdefi.fr\/"},{"@type":"ListItem","position":2,"name":"Liens utiles"}]},{"@type":"WebSite","@id":"https:\/\/handicapdefi.fr\/#website","url":"https:\/\/handicapdefi.fr\/","name":"Handicap D\u00e9fi","description":"Ouvrons le champ des possibles","potentialAction":[{"@type":"SearchAction","target":{"@type":"EntryPoint","urlTemplate":"https:\/\/handicapdefi.fr\/?s={search_term_string}"},"query-input":"required name=search_term_string"}],"inLanguage":"fr-FR"}]}},"_links":{"self":[{"href":"https:\/\/handicapdefi.fr\/index.php\/wp-json\/wp\/v2\/pages\/1444"}],"collection":[{"href":"https:\/\/handicapdefi.fr\/index.php\/wp-json\/wp\/v2\/pages"}],"about":[{"href":"https:\/\/handicapdefi.fr\/index.php\/wp-json\/wp\/v2\/types\/page"}],"author":[{"embeddable":true,"href":"https:\/\/handicapdefi.fr\/index.php\/wp-json\/wp\/v2\/users\/1"}],"replies":[{"embeddable":true,"href":"https:\/\/handicapdefi.fr\/index.php\/wp-json\/wp\/v2\/comments?post=1444"}],"version-history":[{"count":9,"href":"https:\/\/handicapdefi.fr\/index.php\/wp-json\/wp\/v2\/pages\/1444\/revisions"}],"predecessor-version":[{"id":1890,"href":"https:\/\/handicapdefi.fr\/index.php\/wp-json\/wp\/v2\/pages\/1444\/revisions\/1890"}],"wp:attachment":[{"href":"https:\/\/handicapdefi.fr\/index.php\/wp-json\/wp\/v2\/media?parent=1444"}],"curies":[{"name":"wp","href":"https:\/\/api.w.org\/{rel}","templated":true}]}}